{"id":423,"date":"2017-07-12T14:39:03","date_gmt":"2017-07-12T14:39:03","guid":{"rendered":"http:\/\/native.estatik.net\/?page_id=54"},"modified":"2021-02-04T00:39:50","modified_gmt":"2021-02-04T00:39:50","slug":"become-pro","status":"publish","type":"page","link":"https:\/\/www.rtsinmobiliaria.com\/?page_id=423","title":{"rendered":"avaluos"},"content":{"rendered":"<div class=\"elementor-element elementor-element-2a91aed elementor-widget elementor-widget-heading\" data-id=\"2a91aed\" data-element_type=\"widget\" data-widget_type=\"heading.default\">\n<div class=\"elementor-widget-container\">\n<h2 class=\"elementor-heading-title elementor-size-default\">\u00bfQuieres realizar el aval\u00fao de tu inmueble?<\/h2>\n<\/div>\n<\/div>\n<div class=\"elementor-element elementor-element-02fb2e9 elementor-widget elementor-widget-heading\" data-id=\"02fb2e9\" data-element_type=\"widget\" data-widget_type=\"heading.default\">\n<div class=\"elementor-widget-container\">\n<h3 class=\"elementor-heading-title elementor-size-default\">Diligencia el siguiente formulario y nos pondremos en contacto lo m\u00e1s pronto posible. Puedes comunicarte tambi\u00e9n por cualquiera de los siguientes medios:<\/h3>\n<\/div>\n<\/div>\n\n\n<script type=\"text\/javascript\">\nvar __machform_url = 'http:\/\/rtsinmobiliaria.com\/admin\/embed.php?id=12652';\nvar __machform_height = 463;\n<\/script>\n<div id=\"mf_placeholder\"><\/div>\n<script type=\"text\/javascript\" src=\"http:\/\/ajax.googleapis.com\/ajax\/libs\/jquery\/1.6.1\/jquery.min.js\"><\/script>\n<script type=\"text\/javascript\" src=\"http:\/\/rtsinmobiliaria.com\/admin\/js\/jquery.ba-postmessage.min.js\"><\/script>\n<script type=\"text\/javascript\" src=\"http:\/\/rtsinmobiliaria.com\/admin\/js\/machform_loader.js\"><\/script>\n","protected":false},"excerpt":{"rendered":"<p>\u00bfQuieres realizar el aval\u00fao de tu inmueble? Diligencia el siguiente formulario y nos pondremos en contacto lo m\u00e1s pronto posible. Puedes comunicarte tambi\u00e9n por cualquiera de los siguientes medios:<\/p>\n","protected":false},"author":1,"featured_media":74,"parent":0,"menu_order":0,"comment_status":"closed","ping_status":"closed","template":"","meta":{"footnotes":""},"class_list":["post-423","page","type-page","status-publish","has-post-thumbnail","hentry"],"_links":{"self":[{"href":"https:\/\/www.rtsinmobiliaria.com\/index.php?rest_route=\/wp\/v2\/pages\/423","targetHints":{"allow":["GET"]}}],"collection":[{"href":"https:\/\/www.rtsinmobiliaria.com\/index.php?rest_route=\/wp\/v2\/pages"}],"about":[{"href":"https:\/\/www.rtsinmobiliaria.com\/index.php?rest_route=\/wp\/v2\/types\/page"}],"author":[{"embeddable":true,"href":"https:\/\/www.rtsinmobiliaria.com\/index.php?rest_route=\/wp\/v2\/users\/1"}],"replies":[{"embeddable":true,"href":"https:\/\/www.rtsinmobiliaria.com\/index.php?rest_route=%2Fwp%2Fv2%2Fcomments&post=423"}],"version-history":[{"count":2,"href":"https:\/\/www.rtsinmobiliaria.com\/index.php?rest_route=\/wp\/v2\/pages\/423\/revisions"}],"predecessor-version":[{"id":497,"href":"https:\/\/www.rtsinmobiliaria.com\/index.php?rest_route=\/wp\/v2\/pages\/423\/revisions\/497"}],"wp:featuredmedia":[{"embeddable":true,"href":"https:\/\/www.rtsinmobiliaria.com\/index.php?rest_route=\/wp\/v2\/media\/74"}],"wp:attachment":[{"href":"https:\/\/www.rtsinmobiliaria.com\/index.php?rest_route=%2Fwp%2Fv2%2Fmedia&parent=423"}],"curies":[{"name":"wp","href":"https:\/\/api.w.org\/{rel}","templated":true}]}}