{"id":83,"date":"2017-07-12T15:55:29","date_gmt":"2017-07-12T15:55:29","guid":{"rendered":"http:\/\/native.estatik.net\/?page_id=83"},"modified":"2020-07-05T01:02:18","modified_gmt":"2020-07-05T01:02:18","slug":"agents","status":"publish","type":"page","link":"https:\/\/www.rtsinmobiliaria.com\/?page_id=83","title":{"rendered":"Nosotros"},"content":{"rendered":"<div class=\"col-xl-6 about-text-left\">\n<h5>SOBRE NOSOTROS<\/h5>\n<p>Nuestra historia<\/p>\n<p>RTS AGENTES INMOBILIARIOS S.A.S., nace el 12 de Diciembre de 2.014, como resultado de una necesidad imperante, en el mercado inmobiliario Local, por brindar una atenci\u00f3n m\u00e1s humana, especializada, m\u00e1s de cerca de esa necesidad personal y especifica, que cada individuo tiene; donde m\u00e1s que necesitar comprar\/vender o rentar un inmueble (Casa, Apartamento, Local Comercial, etc,) existe una persona con metas, deseos, sue\u00f1os, y que ese verdadero sue\u00f1o es poder brindarse y brindarle a su familia un lugar c\u00f3modo, hermoso, tranquilo; para otros, el sue\u00f1o de su vida, puede ser iniciar su propio negocio, su empresa y para materializarlo requiere de un local comercial, una bodega, una oficina, etc.<\/p>\n<p>Es por esto que la visi\u00f3n de negocio de RTS AGENTES INMOBILIARIOS, hace honor a su eslogan \u201cEdificando Sue\u00f1os\u201c, porque hemos comprendido y sabemos que nuestro negocio, no es vender o rentar un inmueble, nuestro compromiso es mayor, es ayudar a todos y cada uno de nuestros clientes a \u201cEdificar sus Sue\u00f1os\u201d.<\/p>\n<p>En el a\u00f1o 2.012, el Fundador de la Compa\u00f1\u00eda, en su labor comercial diaria, como Agente Inmobiliario, visit\u00f3 a la Se\u00f1ora Viviana, cliente que en ese momento, necesitaba un peque\u00f1o local comercial, para iniciar su negocio, que consist\u00eda en un sal\u00f3n de belleza, lo contact\u00f3 para que le ayudara en la b\u00fasqueda de este inmueble comercial, y una vez ubicado y muy contenta, con la rapidez y eficiencia con la que se logr\u00f3 ubicar el local comercial, la Se\u00f1ora Vivian manifest\u00f3 su agradecimiento, e indic\u00f3 que gracias a la gesti\u00f3n comercial realizada, ella pod\u00eda hacer realidad su sue\u00f1o de iniciar su negocio propio.<\/p>\n<p>Ese fue el punto de partida y el inicio de una visi\u00f3n de negocio diferente, distinta, m\u00e1s humana, comprometida en cuerpo y alma con el desarrollo de una Compa\u00f1\u00eda Inmobiliaria donde lo mas importante, es el cliente, pero sobre todo sus sue\u00f1os y esta es la base y el principio fundamental por lo cual nace la Compa\u00f1\u00eda RTS AGENTES INMOBILIARIOS, en ella trabajamos d\u00eda a d\u00eda para ayudar a todos nuestros clientes a \u201cEDIFICAR SUS SUE\u00d1OS\u201d.<\/p>\n<\/div>\n<div class=\"col-xl-6 about-text-right\">\n<h5>MISI\u00d3N Y VISI\u00d3N<\/h5>\n<ul class=\"about-list\">\n<li><i class=\"fa fa-check-circle-o\"><\/i>En RTS AGENTES INMOBILIARIOS, trabajamos ayudando a nuestros clientes a edificar y hacer realidad sus sue\u00f1os de comprar\/vender, arrendar vivienda o local comercial, oficina, bodega, etc., a trav\u00e9s de una gesti\u00f3n r\u00e1pida y eficaz, en la ubicaci\u00f3n de todo tipo de inmuebles, operando bajo el modelo Home Office, el cual nos permite unos costos de operaci\u00f3n bastante bajos, generando as\u00ed unos beneficios que son trasladados a nuestros clientes (Propietarios y Arrendatarios) y unas ventajas comparativas dentro del sector inmobiliario y siempre garantizando m\u00ednimos tiempos de captaci\u00f3n, estudios y un acompa\u00f1amiento y asesor\u00eda integral durante todo el desarrollo del negocio, brindando satisfacci\u00f3n, confianza, seguridad y transparencia, con un equipo de Agentes Inmobiliarios altamente capacitados, entrenados, amables y dispuestos a colaborar en todo momento.<\/li>\n<li><i class=\"fa fa-check-circle-o\"><\/i>RTS AGENTES INMOBILIARIOS, ser\u00e1 en el a\u00f1o 2.020, la Compa\u00f1\u00eda Numero 1 en el sector inmobiliario local, operando y apoy\u00e1ndonos en las ventajas y beneficios que ofrece el modelo Home Office, y a la vez enfoc\u00e1ndonos en conocer mejor a nuestros clientes e identificar su necesidad, motivaci\u00f3n y el sue\u00f1o que persigue y de esta forma enfocamos mejor nuestros esfuerzos y logramos los resultados necesari<\/li>\n<\/ul>\n<\/div>\n","protected":false},"excerpt":{"rendered":"<p>SOBRE NOSOTROS Nuestra historia RTS AGENTES INMOBILIARIOS S.A.S., nace el 12 de Diciembre de 2.014, como resultado de una necesidad imperante, en el mercado inmobiliario Local, por brindar una atenci\u00f3n m\u00e1s humana, especializada, m\u00e1s de cerca de esa necesidad personal y especifica, que cada individuo tiene; donde m\u00e1s que necesitar comprar\/vender o rentar un inmueble&#8230;<\/p>\n","protected":false},"author":1,"featured_media":339,"parent":0,"menu_order":0,"comment_status":"closed","ping_status":"closed","template":"","meta":{"footnotes":""},"class_list":["post-83","page","type-page","status-publish","has-post-thumbnail","hentry"],"_links":{"self":[{"href":"https:\/\/www.rtsinmobiliaria.com\/index.php?rest_route=\/wp\/v2\/pages\/83","targetHints":{"allow":["GET"]}}],"collection":[{"href":"https:\/\/www.rtsinmobiliaria.com\/index.php?rest_route=\/wp\/v2\/pages"}],"about":[{"href":"https:\/\/www.rtsinmobiliaria.com\/index.php?rest_route=\/wp\/v2\/types\/page"}],"author":[{"embeddable":true,"href":"https:\/\/www.rtsinmobiliaria.com\/index.php?rest_route=\/wp\/v2\/users\/1"}],"replies":[{"embeddable":true,"href":"https:\/\/www.rtsinmobiliaria.com\/index.php?rest_route=%2Fwp%2Fv2%2Fcomments&post=83"}],"version-history":[{"count":3,"href":"https:\/\/www.rtsinmobiliaria.com\/index.php?rest_route=\/wp\/v2\/pages\/83\/revisions"}],"predecessor-version":[{"id":437,"href":"https:\/\/www.rtsinmobiliaria.com\/index.php?rest_route=\/wp\/v2\/pages\/83\/revisions\/437"}],"wp:featuredmedia":[{"embeddable":true,"href":"https:\/\/www.rtsinmobiliaria.com\/index.php?rest_route=\/wp\/v2\/media\/339"}],"wp:attachment":[{"href":"https:\/\/www.rtsinmobiliaria.com\/index.php?rest_route=%2Fwp%2Fv2%2Fmedia&parent=83"}],"curies":[{"name":"wp","href":"https:\/\/api.w.org\/{rel}","templated":true}]}}